{"id":916,"date":"2016-02-24T11:43:17","date_gmt":"2016-02-24T11:43:17","guid":{"rendered":"http:\/\/conall.edge-themes.com\/?page_id=916"},"modified":"2024-04-03T13:21:58","modified_gmt":"2024-04-03T13:21:58","slug":"iletisim","status":"publish","type":"page","link":"https:\/\/medeltip.com\/en\/iletisim\/","title":{"rendered":"Contact"},"content":{"rendered":"<section class=\"wpb-content-wrapper\"><div class=\"vc_row wpb_row vc_row-fluid edgtf-section vc_custom_1712150486141 edgtf-content-aligment-left\" style=\"\"><div class=\"clearfix edgtf-full-section-inner\"><div class=\"wpb_column vc_column_container vc_col-sm-8\"><div class=\"vc_column-inner\"><div class=\"wpb_wrapper\"><div class=\"vc_empty_space\"   style=\"height: 32px\"><span class=\"vc_empty_space_inner\"><\/span><\/div>\n\t<div class=\"wpb_text_column wpb_content_element\" >\n\t\t<div class=\"wpb_wrapper\">\n\t\t\t<p><iframe loading=\"lazy\" style=\"border: 0;\" src=\"https:\/\/www.google.com\/maps\/embed?pb=!1m18!1m12!1m3!1d3058.2945699531915!2d32.826737383180806!3d39.95716631005687!2m3!1f0!2f0!3f0!3m2!1i1024!2i768!4f13.1!3m3!1m2!1s0x14d34e56be5d5b29%3A0x415f3f5645816b6d!2sMedel%20T%C4%B1p%20T%C4%B1bbi%20Ekipmanlar!5e0!3m2!1str!2str!4v1706605261900!5m2!1str!2str\" width=\"600\" height=\"450\" allowfullscreen=\"allowfullscreen\"><\/iframe><\/p>\n\n\t\t<\/div>\n\t<\/div>\n<\/div><\/div><\/div><div class=\"wpb_column vc_column_container vc_col-sm-4\"><div class=\"vc_column-inner\"><div class=\"wpb_wrapper\">\n\t<div class=\"wpb_text_column wpb_content_element\" >\n\t\t<div class=\"wpb_wrapper\">\n\t\t\t<h3>ANKARA<\/h3>\n\n\t\t<\/div>\n\t<\/div>\n<div class=\"vc_empty_space\"   style=\"height: 27px\"><span class=\"vc_empty_space_inner\"><\/span><\/div><div class=\"edgtf-icon-list-item\">\n\t<div class=\"edgtf-icon-list-icon-holder\">\n        <div class=\"edgtf-icon-list-icon-holder-inner clearfix\">\n\t\t\t<span aria-hidden=\"true\" class=\"edgtf-icon-font-elegant icon_calendar\" style=\"color:#333333;font-size:15px\" ><\/span>\t\t<\/div>\n\t<\/div>\n\t<p class=\"edgtf-icon-list-text\"  > Varl\u0131k Mah. Yalova Sok. No:14 Yenimahalle \/ ANKARA TR-06170<\/p>\n<\/div><div class=\"edgtf-icon-list-item\">\n\t<div class=\"edgtf-icon-list-icon-holder\">\n        <div class=\"edgtf-icon-list-icon-holder-inner clearfix\">\n\t\t\t<span aria-hidden=\"true\" class=\"edgtf-icon-font-elegant icon_phone\" style=\"color:#333333;font-size:15px\" ><\/span>\t\t<\/div>\n\t<\/div>\n\t<p class=\"edgtf-icon-list-text\"  > +90 (312) 435 95 06<\/p>\n<\/div><div class=\"edgtf-icon-list-item\">\n\t<div class=\"edgtf-icon-list-icon-holder\">\n        <div class=\"edgtf-icon-list-icon-holder-inner clearfix\">\n\t\t\t<span aria-hidden=\"true\" class=\"edgtf-icon-font-elegant icon_mail\" style=\"color:#333333;font-size:15px\" ><\/span>\t\t<\/div>\n\t<\/div>\n\t<p class=\"edgtf-icon-list-text\"  > +90 (312) 435 95 07<\/p>\n<\/div><div class=\"edgtf-icon-list-item\">\n\t<div class=\"edgtf-icon-list-icon-holder\">\n        <div class=\"edgtf-icon-list-icon-holder-inner clearfix\">\n\t\t\t<span aria-hidden=\"true\" class=\"edgtf-icon-font-elegant icon_mail\" style=\"color:#333333;font-size:15px\" ><\/span>\t\t<\/div>\n\t<\/div>\n\t<p class=\"edgtf-icon-list-text\"  > info@medeltip.com<\/p>\n<\/div><a href=\"https:\/\/www.google.com\/maps\/dir\/\/Medel+T%C4%B1p+T%C4%B1bbi+Ekipmanlar+Varl%C4%B1k+Yalova+Sk.+No:14+06170+Yenimahalle%2FAnkara\/@39.9571623,32.8316083,16z\/data=!4m5!4m4!1m0!1m2!1m1!1s0x14d34e56be5d5b29:0x415f3f5645816b6d\" target=\"_self\"  class=\"edgtf-btn edgtf-btn-medium edgtf-btn-solid\"  >\n   \t        \t<span class=\"edgtf-btn-text\">Yol Tarifi Al<\/span>\n        <\/a><\/div><\/div><\/div><\/div><\/div><div class=\"vc_row wpb_row vc_row-fluid edgtf-section edgtf-content-aligment-left\" style=\"\"><div class=\"clearfix edgtf-full-section-inner\"><div class=\"wpb_column vc_column_container vc_col-sm-12\"><div class=\"vc_column-inner\"><div class=\"wpb_wrapper\"><div class=\"edgtf-separator-holder clearfix  edgtf-separator-center edgtf-separator-full-width\">\n\t<div class=\"edgtf-separator\" style=\"border-color: #e3e3e3;border-bottom-width: 1px;margin-top: 0px;margin-bottom: 0px\"><\/div>\n<\/div>\n<\/div><\/div><\/div><\/div><\/div><div class=\"vc_row wpb_row vc_row-fluid edgtf-section vc_custom_1456316993351 edgtf-content-aligment-left\" style=\"\"><div class=\"clearfix edgtf-full-section-inner\"><div class=\"wpb_column vc_column_container vc_col-sm-8\"><div class=\"vc_column-inner\"><div class=\"wpb_wrapper\"><div class=\"vc_empty_space\"   style=\"height: 32px\"><span class=\"vc_empty_space_inner\"><\/span><\/div>\n\t<div class=\"wpb_text_column wpb_content_element\" >\n\t\t<div class=\"wpb_wrapper\">\n\t\t\t<p><iframe loading=\"lazy\" style=\"border: 0;\" src=\"https:\/\/www.google.com\/maps\/embed?pb=!1m14!1m8!1m3!1d11733.740277313775!2d29.034884226406422!3d41.01030144289899!3m2!1i1024!2i768!4f13.1!3m3!1m2!1s0x14cab804a0464399%3A0xb1741f1975c08d45!2sMedel%20T%C4%B1p!5e0!3m2!1str!2str!4v1706605230295!5m2!1str!2str\" width=\"600\" height=\"450\" allowfullscreen=\"allowfullscreen\"><\/iframe><\/p>\n\n\t\t<\/div>\n\t<\/div>\n<\/div><\/div><\/div><div class=\"wpb_column vc_column_container vc_col-sm-4\"><div class=\"vc_column-inner\"><div class=\"wpb_wrapper\">\n\t<div class=\"wpb_text_column wpb_content_element\" >\n\t\t<div class=\"wpb_wrapper\">\n\t\t\t<h3>\u0130STANBUL<\/h3>\n\n\t\t<\/div>\n\t<\/div>\n<div class=\"vc_empty_space\"   style=\"height: 27px\"><span class=\"vc_empty_space_inner\"><\/span><\/div><div class=\"edgtf-icon-list-item\">\n\t<div class=\"edgtf-icon-list-icon-holder\">\n        <div class=\"edgtf-icon-list-icon-holder-inner clearfix\">\n\t\t\t<span aria-hidden=\"true\" class=\"edgtf-icon-font-elegant icon_calendar\" style=\"color:#333333;font-size:15px\" ><\/span>\t\t<\/div>\n\t<\/div>\n\t<p class=\"edgtf-icon-list-text\"  > Ko\u015fuyolu Mah. Katip Salih Sok. No:46 Kad\u0131k\u00f6y-\u0130stanbul, TR 34718<\/p>\n<\/div><div class=\"edgtf-icon-list-item\">\n\t<div class=\"edgtf-icon-list-icon-holder\">\n        <div class=\"edgtf-icon-list-icon-holder-inner clearfix\">\n\t\t\t<span aria-hidden=\"true\" class=\"edgtf-icon-font-elegant icon_phone\" style=\"color:#333333;font-size:15px\" ><\/span>\t\t<\/div>\n\t<\/div>\n\t<p class=\"edgtf-icon-list-text\"  > +90 (216) 545 06 01<\/p>\n<\/div><div class=\"edgtf-icon-list-item\">\n\t<div class=\"edgtf-icon-list-icon-holder\">\n        <div class=\"edgtf-icon-list-icon-holder-inner clearfix\">\n\t\t\t<span aria-hidden=\"true\" class=\"edgtf-icon-font-elegant icon_mail\" style=\"color:#333333;font-size:15px\" ><\/span>\t\t<\/div>\n\t<\/div>\n\t<p class=\"edgtf-icon-list-text\"  > +90 (216) 545 08 01<\/p>\n<\/div><div class=\"edgtf-icon-list-item\">\n\t<div class=\"edgtf-icon-list-icon-holder\">\n        <div class=\"edgtf-icon-list-icon-holder-inner clearfix\">\n\t\t\t<span aria-hidden=\"true\" class=\"edgtf-icon-font-elegant icon_mail\" style=\"color:#333333;font-size:15px\" ><\/span>\t\t<\/div>\n\t<\/div>\n\t<p class=\"edgtf-icon-list-text\"  > istanbul@medeltip.com<\/p>\n<\/div><a href=\"https:\/\/www.google.com\/maps\/dir\/\/Medel+T%C4%B1p+Ko%C5%9Fuyolu+Katip+Salih+Sk.+No:46+34718+Kad%C4%B1k%C3%B6y%2F%C4%B0stanbul\/@41.010183,29.034978,14z\/data=!4m5!4m4!1m0!1m2!1m1!1s0x14cab804a0464399:0xb1741f1975c08d45\" target=\"_self\"  class=\"edgtf-btn edgtf-btn-medium edgtf-btn-solid\"  >\n   \t        \t<span class=\"edgtf-btn-text\">Yol Tarifi Al<\/span>\n        <\/a><\/div><\/div><\/div><\/div><\/div>\n<\/section>","protected":false},"excerpt":{"rendered":"ANKARA Varl\u0131k Mah. Yalova Sok. No:14 Yenimahalle \/ ANKARA TR-06170 +90 (312) 435 95 06 +90 (312) 435 95 07 info@medeltip.com Yol Tarifi Al \u0130STANBUL Ko\u015fuyolu Mah. Katip Salih Sok. No:46 Kad\u0131k\u00f6y-\u0130stanbul, TR 34718 +90 (216) 545 06 01 +90 (216) 545 08 01 istanbul@medeltip.com [...]","protected":false},"author":1,"featured_media":0,"parent":0,"menu_order":0,"comment_status":"closed","ping_status":"closed","template":"","meta":{"footnotes":""},"class_list":["post-916","page","type-page","status-publish","hentry"],"_links":{"self":[{"href":"https:\/\/medeltip.com\/en\/wp-json\/wp\/v2\/pages\/916","targetHints":{"allow":["GET"]}}],"collection":[{"href":"https:\/\/medeltip.com\/en\/wp-json\/wp\/v2\/pages"}],"about":[{"href":"https:\/\/medeltip.com\/en\/wp-json\/wp\/v2\/types\/page"}],"author":[{"embeddable":true,"href":"https:\/\/medeltip.com\/en\/wp-json\/wp\/v2\/users\/1"}],"replies":[{"embeddable":true,"href":"https:\/\/medeltip.com\/en\/wp-json\/wp\/v2\/comments?post=916"}],"version-history":[{"count":14,"href":"https:\/\/medeltip.com\/en\/wp-json\/wp\/v2\/pages\/916\/revisions"}],"predecessor-version":[{"id":5380,"href":"https:\/\/medeltip.com\/en\/wp-json\/wp\/v2\/pages\/916\/revisions\/5380"}],"wp:attachment":[{"href":"https:\/\/medeltip.com\/en\/wp-json\/wp\/v2\/media?parent=916"}],"curies":[{"name":"wp","href":"https:\/\/api.w.org\/{rel}","templated":true}]}}