{"id":4554,"date":"2024-03-03T22:37:44","date_gmt":"2024-03-03T22:37:44","guid":{"rendered":"https:\/\/medeltip.com\/?page_id=4554"},"modified":"2024-04-03T13:26:41","modified_gmt":"2024-04-03T13:26:41","slug":"vizyonumuz","status":"publish","type":"page","link":"https:\/\/medeltip.com\/en\/vizyonumuz\/","title":{"rendered":"Our Vision"},"content":{"rendered":"<section class=\"wpb-content-wrapper\"><div class=\"vc_row wpb_row vc_row-fluid edgtf-section vc_custom_1706605391648 edgtf-content-aligment-left edgtf-grid-section\" style=\"\"><div class=\"clearfix edgtf-section-inner\"><div class=\"edgtf-section-inner-margin clearfix\"><div class=\"wpb_column vc_column_container vc_col-sm-12\"><div class=\"vc_column-inner\"><div class=\"wpb_wrapper\">\n\t<div class=\"wpb_text_column wpb_content_element\" >\n\t\t<div class=\"wpb_wrapper\">\n\t\t\t<h2><strong>OUR VISION<\/strong><\/h2>\n<p>&nbsp;<\/p>\n<p>To become one of the top five importers in Turkey by making a difference in the healthcare industry with high-tech medical devices that comply with world standards.<\/p>\n<p>To be a globally recognized brand in the top five in our country that produces and develops technology in the healthcare sector.<\/p>\n<p>To become a leading and pioneering company in its sector, to open up to the world market by producing products that will add value to our country.<\/p>\n\n\t\t<\/div>\n\t<\/div>\n<\/div><\/div><\/div><\/div><\/div><\/div>\n<\/section>","protected":false},"excerpt":{"rendered":"V\u0130ZYONUMUZ &nbsp; D\u00fcnya standartlar\u0131na uygun, y\u00fcksek teknolojili t\u0131bbi cihazlar ile sa\u011fl\u0131k sekt\u00f6r\u00fcnde fark yaratarak T\u00fcrkiye'deki en b\u00fcy\u00fck ilk be\u015f ithalat\u00e7\u0131 aras\u0131na girmek. Sa\u011fl\u0131k sekt\u00f6r\u00fcnde \u00fcreten ve teknoloji geli\u015ftiren \u00fclkemizde ilk be\u015fte, global alanda tan\u0131nan bir marka olmak. Sekt\u00f6r\u00fcnde lider ve \u00f6nc\u00fc bir firma olmak i\u00e7in [...]","protected":false},"author":1,"featured_media":0,"parent":0,"menu_order":0,"comment_status":"closed","ping_status":"closed","template":"full-width.php","meta":{"footnotes":""},"class_list":["post-4554","page","type-page","status-publish","hentry"],"_links":{"self":[{"href":"https:\/\/medeltip.com\/en\/wp-json\/wp\/v2\/pages\/4554","targetHints":{"allow":["GET"]}}],"collection":[{"href":"https:\/\/medeltip.com\/en\/wp-json\/wp\/v2\/pages"}],"about":[{"href":"https:\/\/medeltip.com\/en\/wp-json\/wp\/v2\/types\/page"}],"author":[{"embeddable":true,"href":"https:\/\/medeltip.com\/en\/wp-json\/wp\/v2\/users\/1"}],"replies":[{"embeddable":true,"href":"https:\/\/medeltip.com\/en\/wp-json\/wp\/v2\/comments?post=4554"}],"version-history":[{"count":2,"href":"https:\/\/medeltip.com\/en\/wp-json\/wp\/v2\/pages\/4554\/revisions"}],"predecessor-version":[{"id":4560,"href":"https:\/\/medeltip.com\/en\/wp-json\/wp\/v2\/pages\/4554\/revisions\/4560"}],"wp:attachment":[{"href":"https:\/\/medeltip.com\/en\/wp-json\/wp\/v2\/media?parent=4554"}],"curies":[{"name":"wp","href":"https:\/\/api.w.org\/{rel}","templated":true}]}}