{"id":4204,"date":"2024-01-30T08:51:38","date_gmt":"2024-01-30T08:51:38","guid":{"rendered":"https:\/\/medeltip.com\/?page_id=4204"},"modified":"2024-03-03T22:22:58","modified_gmt":"2024-03-03T22:22:58","slug":"teknik-servis-formu","status":"publish","type":"page","link":"https:\/\/medeltip.com\/en\/teknik-servis-formu\/","title":{"rendered":"Technical Service Form"},"content":{"rendered":"<section class=\"wpb-content-wrapper\"><div class=\"vc_row wpb_row vc_row-fluid edgtf-section edgtf-content-aligment-left\" style=\"\"><div class=\"clearfix edgtf-full-section-inner\"><div class=\"wpb_column vc_column_container vc_col-sm-12\"><div class=\"vc_column-inner\"><div class=\"wpb_wrapper\">\n<div class=\"wpcf7 no-js\" id=\"wpcf7-f4289-o1\" lang=\"tr-TR\" dir=\"ltr\" data-wpcf7-id=\"4289\">\n<div class=\"screen-reader-response\"><p role=\"status\" aria-live=\"polite\" aria-atomic=\"true\"><\/p> <ul><\/ul><\/div>\n<form action=\"\/en\/wp-json\/wp\/v2\/pages\/4204#wpcf7-f4289-o1\" method=\"post\" class=\"wpcf7-form init\" aria-label=\"\u0130leti\u015fim Formu\" novalidate=\"novalidate\" data-status=\"init\" data-trp-original-action=\"\/en\/wp-json\/wp\/v2\/pages\/4204#wpcf7-f4289-o1\">\n<div style=\"display: none;\">\n<input type=\"hidden\" name=\"_wpcf7\" value=\"4289\" \/>\n<input type=\"hidden\" name=\"_wpcf7_version\" value=\"6.0.1\" \/>\n<input type=\"hidden\" name=\"_wpcf7_locale\" value=\"tr_TR\" \/>\n<input type=\"hidden\" name=\"_wpcf7_unit_tag\" value=\"wpcf7-f4289-o1\" \/>\n<input type=\"hidden\" name=\"_wpcf7_container_post\" value=\"0\" \/>\n<input type=\"hidden\" name=\"_wpcf7_posted_data_hash\" value=\"\" \/>\n<\/div>\n<p><label> Company Name<br \/>\n<span class=\"wpcf7-form-control-wrap\" data-name=\"your-name\"><input size=\"40\" maxlength=\"400\" class=\"wpcf7-form-control wpcf7-text wpcf7-validates-as-required\" autocomplete=\"name\" aria-required=\"true\" aria-invalid=\"false\" value=\"\" type=\"text\" name=\"your-name\" \/><\/span> <\/label>\n<\/p>\n<p><label> Email<br \/>\n<span class=\"wpcf7-form-control-wrap\" data-name=\"your-email\"><input size=\"40\" maxlength=\"400\" class=\"wpcf7-form-control wpcf7-email wpcf7-validates-as-required wpcf7-text wpcf7-validates-as-email\" autocomplete=\"email\" aria-required=\"true\" aria-invalid=\"false\" value=\"\" type=\"email\" name=\"your-email\" \/><\/span> <\/label>\n<\/p>\n<p><label> Telephone<br \/>\n<span class=\"wpcf7-form-control-wrap\" data-name=\"tel-409\"><input size=\"40\" maxlength=\"400\" class=\"wpcf7-form-control wpcf7-tel wpcf7-text wpcf7-validates-as-tel\" aria-invalid=\"false\" value=\"\" type=\"tel\" name=\"tel-409\" \/><\/span><\/label>\n<\/p>\n<p><label> Official<br \/>\n<span class=\"wpcf7-form-control-wrap\" data-name=\"yetkili\"><input size=\"40\" maxlength=\"400\" class=\"wpcf7-form-control wpcf7-text wpcf7-validates-as-required\" aria-required=\"true\" aria-invalid=\"false\" value=\"\" type=\"text\" name=\"yetkili\" \/><\/span> <\/label>\n<\/p>\n<p><label> Brand of the Device<br \/>\n<span class=\"wpcf7-form-control-wrap\" data-name=\"marka\"><input size=\"40\" maxlength=\"400\" class=\"wpcf7-form-control wpcf7-text wpcf7-validates-as-required\" aria-required=\"true\" aria-invalid=\"false\" value=\"\" type=\"text\" name=\"marka\" \/><\/span> <\/label>\n<\/p>\n<p><label> Device Model<br \/>\n<span class=\"wpcf7-form-control-wrap\" data-name=\"model\"><input size=\"40\" maxlength=\"400\" class=\"wpcf7-form-control wpcf7-text wpcf7-validates-as-required\" aria-required=\"true\" aria-invalid=\"false\" value=\"\" type=\"text\" name=\"model\" \/><\/span> <\/label>\n<\/p>\n<p><label> Loaned Consignment Products (Description\/Serial Number)<br \/>\n<span class=\"wpcf7-form-control-wrap\" data-name=\"konsinye\"><input size=\"40\" maxlength=\"400\" class=\"wpcf7-form-control wpcf7-text\" aria-invalid=\"false\" value=\"\" type=\"text\" name=\"konsinye\" \/><\/span> <\/label>\n<\/p>\n<p><label> Accessories Delivered to Service with the Product (Serial Numbers, if any)<br \/>\n<span class=\"wpcf7-form-control-wrap\" data-name=\"aksesuarlar\"><input size=\"40\" maxlength=\"400\" class=\"wpcf7-form-control wpcf7-text\" aria-invalid=\"false\" value=\"\" type=\"text\" name=\"aksesuarlar\" \/><\/span> <\/label>\n<\/p>\n<p><label> Fault Description<br \/>\n<span class=\"wpcf7-form-control-wrap\" data-name=\"your-message\"><textarea cols=\"40\" rows=\"10\" maxlength=\"2000\" class=\"wpcf7-form-control wpcf7-textarea wpcf7-validates-as-required\" aria-required=\"true\" aria-invalid=\"false\" name=\"your-message\"><\/textarea><\/span> <\/label>\n<\/p>\n<p><input class=\"wpcf7-form-control wpcf7-submit has-spinner\" type=\"submit\" value=\"Send\" \/>\n<\/p><div class=\"wpcf7-response-output\" aria-hidden=\"true\"><\/div>\n<input type=\"hidden\" name=\"trp-form-language\" value=\"en\"\/><\/form>\n<\/div>\n<\/div><\/div><\/div><\/div><\/div><div class=\"vc_row wpb_row vc_row-fluid edgtf-section edgtf-content-aligment-left\" style=\"\"><div class=\"clearfix edgtf-full-section-inner\"><div class=\"wpb_column vc_column_container vc_col-sm-12\"><div class=\"vc_column-inner\"><div class=\"wpb_wrapper\">\n\t<div class=\"wpb_text_column wpb_content_element\" >\n\t\t<div class=\"wpb_wrapper\">\n\t\t\t<ul>\n<li>The device cannot be delivered without submitting the 'FAULTY PRODUCT SUBMISSION FORM'.<\/li>\n<li>Our customer is responsible for the shipping costs of the defective devices sent to our company and the safety of the product in the package.<\/li>\n<li>For defective devices sent to our company, the above form or printed form on the website must be filled in.<\/li>\n<li>Within 14 days, if the repair is not approved for the device(s) for which a fault has been detected, the device(s) may be returned without notice.<\/li>\n<li>For out-of-warranty devices that are not accepted for repair, a diagnostic fee may be charged.<\/li>\n<li>The service fee of the devices whose repair pro forma is accepted and repaired is expected to be made within 90 days.<\/li>\n<li>The retention period of our technical service is 90 days, if our customer cannot be contacted during this period, our company cannot be held responsible for product safety.<\/li>\n<li>For repaired or non-repaired devices, shipment is made with our contracted logistics provider MNG Kargo. If you wish to be shipped with a different logistics provider, please contact us.<\/li>\n<li>Within 90 days, our company is not responsible for the products that are not paid and received.<\/li>\n<\/ul>\n\n\t\t<\/div>\n\t<\/div>\n<\/div><\/div><\/div><\/div><\/div><div class=\"vc_row wpb_row vc_row-fluid edgtf-section edgtf-content-aligment-left\" style=\"\"><div class=\"clearfix edgtf-full-section-inner\"><div class=\"wpb_column vc_column_container vc_col-sm-12\"><div class=\"vc_column-inner\"><div class=\"wpb_wrapper\"><div class=\"vc_btn3-container vc_btn3-inline\" ><a class=\"vc_general vc_btn3 vc_btn3-size-md vc_btn3-shape-rounded vc_btn3-style-modern vc_btn3-color-grey\" href=\"https:\/\/medeltip.com\/wp-content\/uploads\/2024\/03\/01_ARIZALI_URUN_GONDERIM_FORMU.docx\" title=\"\">Download Form<\/a><\/div><\/div><\/div><\/div><\/div><\/div>\n<\/section>","protected":false},"excerpt":{"rendered":"Firma Ad\u0131 Eposta Telefon Yetkili Cihaz\u0131n Markas\u0131 Cihaz\u0131n Modeli \u00d6d\u00fcn\u00e7 verilen Konsinye \u00dcr\u00fcnler (Tan\u0131m\/Seri No) \u00dcr\u00fcnle Birlikte Servise Teslim Edilen Aksesuarlar(Varsa Seri Numaralar\u0131) Ar\u0131za Tan\u0131m\u0131 \u2018ARIZALI \u00dcR\u00dcN G\u00d6NDER\u0130M FORMU\u2019 ibraz edilmeden cihaz teslimi yap\u0131lamaz. Firmam\u0131za g\u00f6nderilen ar\u0131zal\u0131 cihazlar\u0131n kargo \u00fccretlerinden ve paket i\u00e7indeki \u00fcr\u00fcn g\u00fcvenli\u011finden [...]","protected":false},"author":1,"featured_media":0,"parent":0,"menu_order":0,"comment_status":"closed","ping_status":"closed","template":"","meta":{"footnotes":""},"class_list":["post-4204","page","type-page","status-publish","hentry"],"_links":{"self":[{"href":"https:\/\/medeltip.com\/en\/wp-json\/wp\/v2\/pages\/4204","targetHints":{"allow":["GET"]}}],"collection":[{"href":"https:\/\/medeltip.com\/en\/wp-json\/wp\/v2\/pages"}],"about":[{"href":"https:\/\/medeltip.com\/en\/wp-json\/wp\/v2\/types\/page"}],"author":[{"embeddable":true,"href":"https:\/\/medeltip.com\/en\/wp-json\/wp\/v2\/users\/1"}],"replies":[{"embeddable":true,"href":"https:\/\/medeltip.com\/en\/wp-json\/wp\/v2\/comments?post=4204"}],"version-history":[{"count":5,"href":"https:\/\/medeltip.com\/en\/wp-json\/wp\/v2\/pages\/4204\/revisions"}],"predecessor-version":[{"id":4550,"href":"https:\/\/medeltip.com\/en\/wp-json\/wp\/v2\/pages\/4204\/revisions\/4550"}],"wp:attachment":[{"href":"https:\/\/medeltip.com\/en\/wp-json\/wp\/v2\/media?parent=4204"}],"curies":[{"name":"wp","href":"https:\/\/api.w.org\/{rel}","templated":true}]}}