{"id":4191,"date":"2024-01-30T08:47:14","date_gmt":"2024-01-30T08:47:14","guid":{"rendered":"https:\/\/medeltip.com\/?page_id=4191"},"modified":"2024-04-19T08:43:52","modified_gmt":"2024-04-19T08:43:52","slug":"kalite-politikamiz","status":"publish","type":"page","link":"https:\/\/medeltip.com\/en\/kalite-politikamiz\/","title":{"rendered":"Our Quality Policy"},"content":{"rendered":"<section class=\"wpb-content-wrapper\"><div class=\"vc_row wpb_row vc_row-fluid edgtf-section vc_custom_1706604487834 edgtf-content-aligment-left\" style=\"\"><div class=\"clearfix edgtf-full-section-inner\"><div class=\"wpb_column vc_column_container vc_col-sm-12\"><div class=\"vc_column-inner\"><div class=\"wpb_wrapper\">\n\t<div class=\"wpb_text_column wpb_content_element\" >\n\t\t<div class=\"wpb_wrapper\">\n\t\t\t<p>MEDEL TIP A.\u015e. \u00e7al\u0131\u015fanlar\u0131 olarak,<\/p>\n<p>In the health sector, where we provide products and services in the medical field,<br \/>\n\u2022 In accordance with the legal regulations, to meet customer needs without compromising on quality, error-free, on time and in the most economical way,<br \/>\n\u2022 Keeping customer satisfaction at the highest level,<br \/>\n\u2022 To improve the effectiveness of the established quality management system by creating a common quality awareness among employees,<br \/>\n\u2022 To ensure the continuity of the Management System and to become a leader in the field we serve,<br \/>\n\u2022 To become a leading company in the medical sector by investing in new scientific studies and technological developments and trying to exceed customer expectations.<\/p>\n<p>We are committed to complying with the quality management system requirements and constantly improving its effectiveness.<\/p>\n\n\t\t<\/div>\n\t<\/div>\n<\/div><\/div><\/div><\/div><\/div>\n<\/section>","protected":false},"excerpt":{"rendered":"MEDEL TIP A.\u015e. \u00e7al\u0131\u015fanlar\u0131 olarak, Medikal alanda \u00fcr\u00fcn ve hizmet verdi\u011fimiz sa\u011fl\u0131k sekt\u00f6r\u00fcnde, \u2022 Yasal mevzuat \u015fartlar\u0131 gere\u011fince, m\u00fc\u015fteri ihtiya\u00e7lar\u0131n\u0131 kaliteden \u00f6d\u00fcn vermeden, hatas\u0131z, zaman\u0131nda, en ekonomik \u015fekilde kar\u015f\u0131lamak, \u2022 M\u00fc\u015fteri memnuniyetini en \u00fcst seviyede tutmak, \u2022 \u00c7al\u0131\u015fanlarda ortak bir kalite bilinci olu\u015fturarak kurulan kalite [...]","protected":false},"author":1,"featured_media":0,"parent":0,"menu_order":0,"comment_status":"closed","ping_status":"closed","template":"","meta":{"footnotes":""},"class_list":["post-4191","page","type-page","status-publish","hentry"],"_links":{"self":[{"href":"https:\/\/medeltip.com\/en\/wp-json\/wp\/v2\/pages\/4191","targetHints":{"allow":["GET"]}}],"collection":[{"href":"https:\/\/medeltip.com\/en\/wp-json\/wp\/v2\/pages"}],"about":[{"href":"https:\/\/medeltip.com\/en\/wp-json\/wp\/v2\/types\/page"}],"author":[{"embeddable":true,"href":"https:\/\/medeltip.com\/en\/wp-json\/wp\/v2\/users\/1"}],"replies":[{"embeddable":true,"href":"https:\/\/medeltip.com\/en\/wp-json\/wp\/v2\/comments?post=4191"}],"version-history":[{"count":5,"href":"https:\/\/medeltip.com\/en\/wp-json\/wp\/v2\/pages\/4191\/revisions"}],"predecessor-version":[{"id":5383,"href":"https:\/\/medeltip.com\/en\/wp-json\/wp\/v2\/pages\/4191\/revisions\/5383"}],"wp:attachment":[{"href":"https:\/\/medeltip.com\/en\/wp-json\/wp\/v2\/media?parent=4191"}],"curies":[{"name":"wp","href":"https:\/\/api.w.org\/{rel}","templated":true}]}}